{"id":433,"date":"2024-06-18T12:04:27","date_gmt":"2024-06-18T12:04:27","guid":{"rendered":"https:\/\/abac.cv\/?page_id=433"},"modified":"2024-06-18T12:25:45","modified_gmt":"2024-06-18T12:25:45","slug":"sobre-nos","status":"publish","type":"page","link":"https:\/\/abac.cv\/index.php\/sobre-nos\/","title":{"rendered":"QUEM SOMOS"},"content":{"rendered":"\t\t<div data-elementor-type=\"wp-page\" data-elementor-id=\"433\" class=\"elementor elementor-433\">\n\t\t\t\t<div class=\"elementor-element elementor-element-e110025 e-flex e-con-boxed e-con e-parent\" data-id=\"e110025\" data-element_type=\"container\" data-settings=\"{&quot;content_width&quot;:&quot;boxed&quot;}\" data-core-v316-plus=\"true\">\n\t\t\t\t\t<div class=\"e-con-inner\">\n\t\t\t\t<div class=\"elementor-element elementor-element-bfc0d32 elementor-widget elementor-widget-text-editor\" data-id=\"bfc0d32\" data-element_type=\"widget\" data-widget_type=\"text-editor.default\">\n\t\t\t\t<div class=\"elementor-widget-container\">\n\t\t\t<style>\/*! elementor - v3.19.0 - 07-02-2024 *\/\n.elementor-widget-text-editor.elementor-drop-cap-view-stacked .elementor-drop-cap{background-color:#69727d;color:#fff}.elementor-widget-text-editor.elementor-drop-cap-view-framed .elementor-drop-cap{color:#69727d;border:3px solid;background-color:transparent}.elementor-widget-text-editor:not(.elementor-drop-cap-view-default) .elementor-drop-cap{margin-top:8px}.elementor-widget-text-editor:not(.elementor-drop-cap-view-default) .elementor-drop-cap-letter{width:1em;height:1em}.elementor-widget-text-editor .elementor-drop-cap{float:left;text-align:center;line-height:1;font-size:50px}.elementor-widget-text-editor .elementor-drop-cap-letter{display:inline-block}<\/style>\t\t\t\t<p>A Associa\u00e7\u00e3o Business Angels de Cabo Verde (ABAC) \u00e9 uma entidade de direito privado, sem fins lucrativos, criada a 15 de Mar\u00e7o de 2010, registado a 23 de Julho (BO 29) com o objetivo de promover e gerir uma rede de Business Angels.<\/p>\t\t\t\t\t\t<\/div>\n\t\t\t\t<\/div>\n\t\t\t\t<div class=\"elementor-element elementor-element-6aedc7a elementor-widget elementor-widget-text-editor\" data-id=\"6aedc7a\" data-element_type=\"widget\" data-widget_type=\"text-editor.default\">\n\t\t\t\t<div class=\"elementor-widget-container\">\n\t\t\t\t\t\t\t<ul><li>Para tal, ir\u00e1 desenvolver as suas atividades nas seguintes vertentes:<br \/>\u00a0Promover o conceito de Business Angel, organizando confer\u00eancias, col\u00f3quios, f\u00f3runs,<br \/>exposi\u00e7\u00f5es, congressos e eventos sobre o assunto, e suscitando atrav\u00e9s dos meios de<br \/>comunica\u00e7\u00e3o a\u00e7\u00f5es suscet\u00edveis de o dar a conhecer \u00e0 popula\u00e7\u00e3o;<\/li><li>Promover encontros entre Business Angels e promotores de projetos empresariais,<br \/>sejam estes regionais, nacionais ou internacionais;<\/li><li>Intervir junto dos poderes p\u00fablicos com propostas de a\u00e7\u00e3o que promovam o<br \/>empreendedorismo e a inova\u00e7\u00e3o, bem como a atividade de Business Angels;<\/li><li>\u00a0Participar em interc\u00e2mbios nacionais e internacionais;<\/li><li>Associar-se em Redes e Federa\u00e7\u00f5es e noutros organismos nacionais ou internacionais<br \/>que promovam os objetivos da associa\u00e7\u00e3o;<\/li><li>E utilizar todos os outros meios favor\u00e1veis aos objetivos da associa\u00e7\u00e3o.<\/li><\/ul>\t\t\t\t\t\t<\/div>\n\t\t\t\t<\/div>\n\t\t\t\t\t<\/div>\n\t\t\t\t<\/div>\n\t\t<div class=\"elementor-element elementor-element-c6906f1 e-flex e-con-boxed e-con e-parent\" data-id=\"c6906f1\" data-element_type=\"container\" data-settings=\"{&quot;content_width&quot;:&quot;boxed&quot;}\" data-core-v316-plus=\"true\">\n\t\t\t\t\t<div class=\"e-con-inner\">\n\t\t\t\t<div class=\"elementor-element elementor-element-4169e78 elementor-widget elementor-widget-heading\" data-id=\"4169e78\" data-element_type=\"widget\" data-widget_type=\"heading.default\">\n\t\t\t\t<div class=\"elementor-widget-container\">\n\t\t\t<style>\/*! elementor - v3.19.0 - 07-02-2024 *\/\n.elementor-heading-title{padding:0;margin:0;line-height:1}.elementor-widget-heading .elementor-heading-title[class*=elementor-size-]>a{color:inherit;font-size:inherit;line-height:inherit}.elementor-widget-heading .elementor-heading-title.elementor-size-small{font-size:15px}.elementor-widget-heading .elementor-heading-title.elementor-size-medium{font-size:19px}.elementor-widget-heading .elementor-heading-title.elementor-size-large{font-size:29px}.elementor-widget-heading .elementor-heading-title.elementor-size-xl{font-size:39px}.elementor-widget-heading .elementor-heading-title.elementor-size-xxl{font-size:59px}<\/style><h2 class=\"elementor-heading-title elementor-size-default\">Vis\u00e3o<\/h2>\t\t<\/div>\n\t\t\t\t<\/div>\n\t\t\t\t<div class=\"elementor-element elementor-element-232639a elementor-widget elementor-widget-text-editor\" data-id=\"232639a\" data-element_type=\"widget\" data-widget_type=\"text-editor.default\">\n\t\t\t\t<div class=\"elementor-widget-container\">\n\t\t\t\t\t\t\t<p>Ser uma Associa\u00e7\u00e3o de Business Angels de refer\u00eancia, nacional e internacional, para a acelera\u00e7\u00e3o de ideias e neg\u00f3cios em Cabo Verde, com celeridade e transpar\u00eancia.<\/p>\t\t\t\t\t\t<\/div>\n\t\t\t\t<\/div>\n\t\t\t\t\t<\/div>\n\t\t\t\t<\/div>\n\t\t\t\t<\/div>\n\t\t","protected":false},"excerpt":{"rendered":"<p>A Associa\u00e7\u00e3o Business Angels de Cabo Verde (ABAC) \u00e9 uma entidade de direito privado, sem fins lucrativos, criada a 15 de Mar\u00e7o de 2010, registado a 23 de Julho (BO 29) com o objetivo de promover e gerir uma rede de Business Angels. Para tal, ir\u00e1 desenvolver as suas atividades nas seguintes vertentes:\u00a0Promover o conceito<br \/><a class=\"moretag\" href=\"https:\/\/abac.cv\/index.php\/sobre-nos\/\">+ Read More<\/a><\/p>\n","protected":false},"author":1,"featured_media":0,"parent":0,"menu_order":0,"comment_status":"closed","ping_status":"closed","template":"templates\/page-fullwidth_template.php","meta":{"footnotes":""},"class_list":["post-433","page","type-page","status-publish","hentry"],"_links":{"self":[{"href":"https:\/\/abac.cv\/index.php\/wp-json\/wp\/v2\/pages\/433","targetHints":{"allow":["GET"]}}],"collection":[{"href":"https:\/\/abac.cv\/index.php\/wp-json\/wp\/v2\/pages"}],"about":[{"href":"https:\/\/abac.cv\/index.php\/wp-json\/wp\/v2\/types\/page"}],"author":[{"embeddable":true,"href":"https:\/\/abac.cv\/index.php\/wp-json\/wp\/v2\/users\/1"}],"replies":[{"embeddable":true,"href":"https:\/\/abac.cv\/index.php\/wp-json\/wp\/v2\/comments?post=433"}],"version-history":[{"count":5,"href":"https:\/\/abac.cv\/index.php\/wp-json\/wp\/v2\/pages\/433\/revisions"}],"predecessor-version":[{"id":449,"href":"https:\/\/abac.cv\/index.php\/wp-json\/wp\/v2\/pages\/433\/revisions\/449"}],"wp:attachment":[{"href":"https:\/\/abac.cv\/index.php\/wp-json\/wp\/v2\/media?parent=433"}],"curies":[{"name":"wp","href":"https:\/\/api.w.org\/{rel}","templated":true}]}}