{"id":550,"date":"2024-06-18T13:54:22","date_gmt":"2024-06-18T13:54:22","guid":{"rendered":"https:\/\/abac.cv\/?page_id=550"},"modified":"2024-06-18T14:43:31","modified_gmt":"2024-06-18T14:43:31","slug":"membros","status":"publish","type":"page","link":"https:\/\/abac.cv\/index.php\/membros\/","title":{"rendered":"Membros"},"content":{"rendered":"\t\t<div data-elementor-type=\"wp-page\" data-elementor-id=\"550\" class=\"elementor elementor-550\">\n\t\t\t\t<div class=\"elementor-element elementor-element-a4bcc8c e-flex e-con-boxed e-con e-parent\" data-id=\"a4bcc8c\" data-element_type=\"container\" data-settings=\"{&quot;content_width&quot;:&quot;boxed&quot;}\" data-core-v316-plus=\"true\">\n\t\t\t\t\t<div class=\"e-con-inner\">\n\t\t<div class=\"elementor-element elementor-element-06deb75 e-con-full e-flex e-con e-child\" data-id=\"06deb75\" data-element_type=\"container\" data-settings=\"{&quot;content_width&quot;:&quot;full&quot;}\">\n\t\t\t\t<div class=\"elementor-element elementor-element-b891fea elementor-widget elementor-widget-text-editor\" data-id=\"b891fea\" data-element_type=\"widget\" data-widget_type=\"text-editor.default\">\n\t\t\t\t<div class=\"elementor-widget-container\">\n\t\t\t<style>\/*! elementor - v3.19.0 - 07-02-2024 *\/\n.elementor-widget-text-editor.elementor-drop-cap-view-stacked .elementor-drop-cap{background-color:#69727d;color:#fff}.elementor-widget-text-editor.elementor-drop-cap-view-framed .elementor-drop-cap{color:#69727d;border:3px solid;background-color:transparent}.elementor-widget-text-editor:not(.elementor-drop-cap-view-default) .elementor-drop-cap{margin-top:8px}.elementor-widget-text-editor:not(.elementor-drop-cap-view-default) .elementor-drop-cap-letter{width:1em;height:1em}.elementor-widget-text-editor .elementor-drop-cap{float:left;text-align:center;line-height:1;font-size:50px}.elementor-widget-text-editor .elementor-drop-cap-letter{display:inline-block}<\/style>\t\t\t\t<p><strong>Membros Fundadores<\/strong><\/p><ul><li>Ant\u00f3nio Moreira Semedo<\/li><li>Ant\u00f3nio Canuto (falecido)<\/li><li>Carlos Gra\u00e7a<\/li><li>Humberto Brito<\/li><li>Jorge Spencer Lima<\/li><li>Jos\u00e9 Ant\u00f3nio Teixeira<\/li><li>Jos\u00e9 Tom\u00e1s Veiga<\/li><li>Manuel Lima<\/li><li>Maria Jo\u00e3o Novais<\/li><li>M\u00f3nica Monteiro<\/li><li>Paulo Figueiredo<\/li><li>Pedro Barros<\/li><li>Rui Levy<\/li><li>Ver\u00edssimo Pinto<\/li><\/ul>\t\t\t\t\t\t<\/div>\n\t\t\t\t<\/div>\n\t\t\t\t<\/div>\n\t\t<div class=\"elementor-element elementor-element-1d451f7 e-con-full e-flex e-con e-child\" data-id=\"1d451f7\" data-element_type=\"container\" data-settings=\"{&quot;content_width&quot;:&quot;full&quot;}\">\n\t\t\t\t<div class=\"elementor-element elementor-element-4293977 elementor-widget elementor-widget-text-editor\" data-id=\"4293977\" data-element_type=\"widget\" data-widget_type=\"text-editor.default\">\n\t\t\t\t<div class=\"elementor-widget-container\">\n\t\t\t\t\t\t\t<p><strong>Membros<\/strong><\/p><ul><li>Paulino Dias<\/li><li>Neusa Silva<\/li><li>Jacqueline Carvalho<\/li><li>Frantz Tavares<\/li><li>Ailton Tolentino<\/li><\/ul>\t\t\t\t\t\t<\/div>\n\t\t\t\t<\/div>\n\t\t\t\t<\/div>\n\t\t\t\t\t<\/div>\n\t\t\t\t<\/div>\n\t\t\t\t<\/div>\n\t\t","protected":false},"excerpt":{"rendered":"<p>Membros Fundadores Ant\u00f3nio Moreira Semedo Ant\u00f3nio Canuto (falecido) Carlos Gra\u00e7a Humberto Brito Jorge Spencer Lima Jos\u00e9 Ant\u00f3nio Teixeira Jos\u00e9 Tom\u00e1s Veiga Manuel Lima Maria Jo\u00e3o Novais M\u00f3nica Monteiro Paulo Figueiredo Pedro Barros Rui Levy Ver\u00edssimo Pinto Membros Paulino Dias Neusa Silva Jacqueline Carvalho Frantz Tavares Ailton Tolentino<\/p>\n","protected":false},"author":1,"featured_media":0,"parent":0,"menu_order":0,"comment_status":"closed","ping_status":"closed","template":"templates\/page-fullwidth_template.php","meta":{"footnotes":""},"class_list":["post-550","page","type-page","status-publish","hentry"],"_links":{"self":[{"href":"https:\/\/abac.cv\/index.php\/wp-json\/wp\/v2\/pages\/550","targetHints":{"allow":["GET"]}}],"collection":[{"href":"https:\/\/abac.cv\/index.php\/wp-json\/wp\/v2\/pages"}],"about":[{"href":"https:\/\/abac.cv\/index.php\/wp-json\/wp\/v2\/types\/page"}],"author":[{"embeddable":true,"href":"https:\/\/abac.cv\/index.php\/wp-json\/wp\/v2\/users\/1"}],"replies":[{"embeddable":true,"href":"https:\/\/abac.cv\/index.php\/wp-json\/wp\/v2\/comments?post=550"}],"version-history":[{"count":7,"href":"https:\/\/abac.cv\/index.php\/wp-json\/wp\/v2\/pages\/550\/revisions"}],"predecessor-version":[{"id":595,"href":"https:\/\/abac.cv\/index.php\/wp-json\/wp\/v2\/pages\/550\/revisions\/595"}],"wp:attachment":[{"href":"https:\/\/abac.cv\/index.php\/wp-json\/wp\/v2\/media?parent=550"}],"curies":[{"name":"wp","href":"https:\/\/api.w.org\/{rel}","templated":true}]}}