{"id":567,"date":"2024-06-18T14:12:09","date_gmt":"2024-06-18T14:12:09","guid":{"rendered":"https:\/\/abac.cv\/?page_id=567"},"modified":"2024-06-19T10:55:16","modified_gmt":"2024-06-19T10:55:16","slug":"submissao-de-projetos","status":"publish","type":"page","link":"https:\/\/abac.cv\/index.php\/submissao-de-projetos\/","title":{"rendered":"Submiss\u00e3o de Projetos"},"content":{"rendered":"\t\t<div data-elementor-type=\"wp-page\" data-elementor-id=\"567\" class=\"elementor elementor-567\">\n\t\t\t\t<div class=\"elementor-element elementor-element-6e4c9ce e-flex e-con-boxed e-con e-parent\" data-id=\"6e4c9ce\" data-element_type=\"container\" data-settings=\"{&quot;content_width&quot;:&quot;boxed&quot;}\" data-core-v316-plus=\"true\">\n\t\t\t\t\t<div class=\"e-con-inner\">\n\t\t\t\t<div class=\"elementor-element elementor-element-49094db elementor-widget elementor-widget-text-editor\" data-id=\"49094db\" data-element_type=\"widget\" data-widget_type=\"text-editor.default\">\n\t\t\t\t<div class=\"elementor-widget-container\">\n\t\t\t<style>\/*! elementor - v3.19.0 - 07-02-2024 *\/\n.elementor-widget-text-editor.elementor-drop-cap-view-stacked .elementor-drop-cap{background-color:#69727d;color:#fff}.elementor-widget-text-editor.elementor-drop-cap-view-framed .elementor-drop-cap{color:#69727d;border:3px solid;background-color:transparent}.elementor-widget-text-editor:not(.elementor-drop-cap-view-default) .elementor-drop-cap{margin-top:8px}.elementor-widget-text-editor:not(.elementor-drop-cap-view-default) .elementor-drop-cap-letter{width:1em;height:1em}.elementor-widget-text-editor .elementor-drop-cap{float:left;text-align:center;line-height:1;font-size:50px}.elementor-widget-text-editor .elementor-drop-cap-letter{display:inline-block}<\/style>\t\t\t\tA submiss\u00e3o de projetos dever\u00e1 ser feita, \npreferencialmente atrav\u00e9s dos parceiros da ABAC. Os\nempreendedores dever\u00e3o apresentar as propostas a estas entidades e estas, ap\u00f3s sua an\u00e1lise, submetem \u00e0 ABAC. Outra alternativa, s\u00e3o os projetos pontuais organizados pela ABAC ou parceiros, como por\nexemplo o Evento Anual Pitch da ABAC.\nNo caso de projetos de empreendedores a residir fora de Cabo Verde, para ser aplicado em\nCabo Verde, podem ser enviados para a ABAC diretamente, atrav\u00e9s do email:\n<a href=\"mailto:abacaboverde21@gmail.com\">abacaboverde21@gmail.com<\/a>\t\t\t\t\t\t<\/div>\n\t\t\t\t<\/div>\n\t\t\t\t\t<\/div>\n\t\t\t\t<\/div>\n\t\t\t\t<\/div>\n\t\t","protected":false},"excerpt":{"rendered":"<p>A submiss\u00e3o de projetos dever\u00e1 ser feita, preferencialmente atrav\u00e9s dos parceiros da ABAC. Os empreendedores dever\u00e3o apresentar as propostas a estas entidades e estas, ap\u00f3s sua an\u00e1lise, submetem \u00e0 ABAC. Outra alternativa, s\u00e3o os projetos pontuais organizados pela ABAC ou parceiros, como por exemplo o Evento Anual Pitch da ABAC. No caso de projetos de<br \/><a class=\"moretag\" href=\"https:\/\/abac.cv\/index.php\/submissao-de-projetos\/\">+ Read More<\/a><\/p>\n","protected":false},"author":1,"featured_media":0,"parent":0,"menu_order":0,"comment_status":"closed","ping_status":"closed","template":"templates\/page-fullwidth_template.php","meta":{"footnotes":""},"class_list":["post-567","page","type-page","status-publish","hentry"],"_links":{"self":[{"href":"https:\/\/abac.cv\/index.php\/wp-json\/wp\/v2\/pages\/567","targetHints":{"allow":["GET"]}}],"collection":[{"href":"https:\/\/abac.cv\/index.php\/wp-json\/wp\/v2\/pages"}],"about":[{"href":"https:\/\/abac.cv\/index.php\/wp-json\/wp\/v2\/types\/page"}],"author":[{"embeddable":true,"href":"https:\/\/abac.cv\/index.php\/wp-json\/wp\/v2\/users\/1"}],"replies":[{"embeddable":true,"href":"https:\/\/abac.cv\/index.php\/wp-json\/wp\/v2\/comments?post=567"}],"version-history":[{"count":10,"href":"https:\/\/abac.cv\/index.php\/wp-json\/wp\/v2\/pages\/567\/revisions"}],"predecessor-version":[{"id":702,"href":"https:\/\/abac.cv\/index.php\/wp-json\/wp\/v2\/pages\/567\/revisions\/702"}],"wp:attachment":[{"href":"https:\/\/abac.cv\/index.php\/wp-json\/wp\/v2\/media?parent=567"}],"curies":[{"name":"wp","href":"https:\/\/api.w.org\/{rel}","templated":true}]}}